{"id":92,"date":"2024-02-27T11:01:56","date_gmt":"2024-02-27T10:01:56","guid":{"rendered":"https:\/\/regesmusicae.wordpress.com\/?page_id=92"},"modified":"2025-01-22T23:43:45","modified_gmt":"2025-01-22T22:43:45","slug":"chantiers-recents","status":"publish","type":"page","link":"https:\/\/energielignacelec.fr\/index.php\/chantiers-recents\/","title":{"rendered":"CHANTIERS R\u00c9CENTS"},"content":{"rendered":"\n<h2 class=\"wp-block-heading\"><strong>CHANTIERS R\u00c9CENTS<\/strong><\/h2>\n\n\n\n<p><strong><mark style=\"background-color:rgba(0, 0, 0, 0);color:#000000\" class=\"has-inline-color\">( Tout nos chantiers ne figurent pas dans cette historique ! )<\/mark><\/strong><\/p>\n\n\n\n<div class=\"wp-block-columns is-layout-flex wp-container-core-columns-is-layout-28f84493 wp-block-columns-is-layout-flex\">\n<div class=\"wp-block-column is-layout-flow wp-block-column-is-layout-flow\">\n<div class=\"wp-block-media-text has-media-on-the-right is-stacked-on-mobile\"><div class=\"wp-block-media-text__content\">\n<p class=\"has-large-font-size\"><strong>\u201cRemplacement Groupe Froid\u201d<\/strong><\/p>\n\n\n\n<p class=\"has-small-font-size\">\u2014 30\/01\/2024 (sur un toit terrasse).<\/p>\n\n\n\n<p class=\"has-medium-font-size\">Reprise du r\u00e9seaux afin de l&rsquo;adapt\u00e9 au groupe froid de remplacement.<\/p>\n\n\n\n<p class=\"has-medium-font-size\">D\u00e9pose du groupe froid et d&rsquo;une partie du r\u00e9seaux destin\u00e9 \u00e0 sa connexion. (acier noir D50\/60) (grutage effectuer par entreprise ext\u00e9rieur.)<br>Cr\u00e9ation des points de connexions du r\u00e9seaux au nouveaux groupe froid. (acier noir D50\/60)<br>Cr\u00e9ation de supportages.<br>Application d&rsquo;un traitement de protection sur l&rsquo;acier noir. (peinture)<\/p>\n\n\n\n<p class=\"has-medium-font-size\">Mesure de s\u00e9curit\u00e9 sp\u00e9cifique au lieu d&rsquo;intervention : (Balisage des acc\u00e8s; Permis feu).<\/p>\n<\/div><figure class=\"wp-block-media-text__media\"><img loading=\"lazy\" decoding=\"async\" width=\"768\" height=\"1024\" src=\"http:\/\/energielignacelec.fr\/wp-content\/uploads\/2024\/02\/img_20240131_130352-768x1024.jpg\" alt=\"\" class=\"wp-image-193 size-full\" srcset=\"https:\/\/energielignacelec.fr\/wp-content\/uploads\/2024\/02\/img_20240131_130352-768x1024.jpg 768w, https:\/\/energielignacelec.fr\/wp-content\/uploads\/2024\/02\/img_20240131_130352-225x300.jpg 225w, https:\/\/energielignacelec.fr\/wp-content\/uploads\/2024\/02\/img_20240131_130352-1152x1536.jpg 1152w, https:\/\/energielignacelec.fr\/wp-content\/uploads\/2024\/02\/img_20240131_130352-1536x2048.jpg 1536w, https:\/\/energielignacelec.fr\/wp-content\/uploads\/2024\/02\/img_20240131_130352-scaled.jpg 1920w\" sizes=\"auto, (max-width: 768px) 100vw, 768px\" \/><\/figure><\/div>\n<\/div>\n<\/div>\n\n\n\n<div class=\"wp-block-group alignfull has-global-padding is-layout-constrained wp-block-group-is-layout-constrained\">\n<div class=\"wp-block-group alignfull has-global-padding is-layout-constrained wp-block-group-is-layout-constrained\">\n<div class=\"wp-block-group alignfull is-layout-flow wp-block-group-is-layout-flow\">\n<div class=\"wp-block-media-text is-stacked-on-mobile\"><figure class=\"wp-block-media-text__media\"><img loading=\"lazy\" decoding=\"async\" width=\"1024\" height=\"768\" src=\"http:\/\/energielignacelec.fr\/wp-content\/uploads\/2024\/02\/img_20231122_095213-1024x768.jpg\" alt=\"\" class=\"wp-image-199 size-full\" srcset=\"https:\/\/energielignacelec.fr\/wp-content\/uploads\/2024\/02\/img_20231122_095213-1024x768.jpg 1024w, https:\/\/energielignacelec.fr\/wp-content\/uploads\/2024\/02\/img_20231122_095213-300x225.jpg 300w, https:\/\/energielignacelec.fr\/wp-content\/uploads\/2024\/02\/img_20231122_095213-768x576.jpg 768w, https:\/\/energielignacelec.fr\/wp-content\/uploads\/2024\/02\/img_20231122_095213-1536x1152.jpg 1536w, https:\/\/energielignacelec.fr\/wp-content\/uploads\/2024\/02\/img_20231122_095213-2048x1536.jpg 2048w\" sizes=\"auto, (max-width: 1024px) 100vw, 1024px\" \/><\/figure><div class=\"wp-block-media-text__content\">\n<p class=\"has-text-align-left has-large-font-size\"><strong>\u201cRemplacement, r\u00e9am\u00e9nagement Radiateur \u201d<\/strong><\/p>\n\n\n\n<p class=\"has-text-align-left has-small-font-size\">\u2014 22\/11\/2023 (Chambre d\u2019h\u00f4pital)<\/p>\n\n\n\n<p class=\"has-text-align-left has-medium-font-size\">Reprise du r\u00e9seaux afin de l\u2019adapt\u00e9 au nouveaux radiateur et \u00e0 sa nouvelle position dans la pi\u00e8ce.<\/p>\n\n\n\n<p class=\"has-medium-font-size\">D\u00e9pose de l\u2019ancien radiateur.<br>Adaptation de l\u2019ancien r\u00e9seaux en cuivre du chauffage.<br>Reprise en multicouches<br>Pose du radiateur neuf.<\/p>\n\n\n\n<p>Mesure de s\u00e9curit\u00e9 sp\u00e9cifique au lieu d\u2019intervention : (B\u00e2chage de la zone d\u2019intervention; Permis feu).<\/p>\n<\/div><\/div>\n<\/div>\n<\/div>\n<\/div>\n","protected":false},"excerpt":{"rendered":"<p>CHANTIERS R\u00c9CENTS ( Tout nos chantiers ne figurent pas dans cette historique ! ) \u201cRemplacement Groupe Froid\u201d \u2014 30\/01\/2024 (sur un toit terrasse). Reprise du r\u00e9seaux afin de l&rsquo;adapt\u00e9 au groupe froid de remplacement. D\u00e9pose du groupe froid et d&rsquo;une partie du r\u00e9seaux destin\u00e9 \u00e0 sa connexion. (acier noir D50\/60) (grutage effectuer par entreprise ext\u00e9rieur.)Cr\u00e9ation [&hellip;]<\/p>\n","protected":false},"author":1,"featured_media":0,"parent":0,"menu_order":0,"comment_status":"closed","ping_status":"closed","template":"","meta":{"footnotes":""},"class_list":["post-92","page","type-page","status-publish","hentry"],"_links":{"self":[{"href":"https:\/\/energielignacelec.fr\/index.php\/wp-json\/wp\/v2\/pages\/92","targetHints":{"allow":["GET"]}}],"collection":[{"href":"https:\/\/energielignacelec.fr\/index.php\/wp-json\/wp\/v2\/pages"}],"about":[{"href":"https:\/\/energielignacelec.fr\/index.php\/wp-json\/wp\/v2\/types\/page"}],"author":[{"embeddable":true,"href":"https:\/\/energielignacelec.fr\/index.php\/wp-json\/wp\/v2\/users\/1"}],"replies":[{"embeddable":true,"href":"https:\/\/energielignacelec.fr\/index.php\/wp-json\/wp\/v2\/comments?post=92"}],"version-history":[{"count":3,"href":"https:\/\/energielignacelec.fr\/index.php\/wp-json\/wp\/v2\/pages\/92\/revisions"}],"predecessor-version":[{"id":323,"href":"https:\/\/energielignacelec.fr\/index.php\/wp-json\/wp\/v2\/pages\/92\/revisions\/323"}],"wp:attachment":[{"href":"https:\/\/energielignacelec.fr\/index.php\/wp-json\/wp\/v2\/media?parent=92"}],"curies":[{"name":"wp","href":"https:\/\/api.w.org\/{rel}","templated":true}]}}