{"id":212,"date":"2024-02-27T15:11:47","date_gmt":"2024-02-27T14:11:47","guid":{"rendered":"https:\/\/regesmusicae.wordpress.com\/?page_id=212"},"modified":"2025-04-22T22:22:57","modified_gmt":"2025-04-22T20:22:57","slug":"bientot-disponible","status":"publish","type":"page","link":"https:\/\/energielignacelec.fr\/index.php\/bientot-disponible\/","title":{"rendered":""},"content":{"rendered":"\n<h2 class=\"wp-block-heading\" style=\"font-size:clamp(2.418rem, 2.418rem + ((1vw - 0.2rem) * 4.383), 4.5rem);\">PHOTOVOLTA\u00cfQUE<\/h2>\n\n\n\n<div class=\"wp-block-group is-nowrap is-layout-flex wp-container-core-group-is-layout-6c531013 wp-block-group-is-layout-flex\">\n<div class=\"wp-block-group alignfull has-global-padding is-content-justification-center is-layout-constrained wp-container-core-group-is-layout-02c73828 wp-block-group-is-layout-constrained\" style=\"margin-top:0px;margin-bottom:0px;padding-top:5.5vw;padding-bottom:5.5vw\">\n<div class=\"wp-block-group is-nowrap is-layout-flex wp-container-core-group-is-layout-6c531013 wp-block-group-is-layout-flex\">\n<div class=\"wp-block-group alignwide is-layout-flow wp-container-core-group-is-layout-c6626a78 wp-block-group-is-layout-flow\">\n<h3 class=\"wp-block-heading\" style=\"font-size:clamp(0.984rem, 0.984rem + ((1vw - 0.2rem) * 1.086), 1.5rem);font-style:normal;font-weight:300;line-height:1.4\"><strong>Avec vos panneaux photovolta\u00efque, produisez et consommez votre \u00e9nergie vous m\u00eame !<br><\/strong><\/h3>\n\n\n\n<div class=\"wp-block-group has-global-padding is-layout-constrained wp-block-group-is-layout-constrained\">\n<figure class=\"wp-block-gallery has-nested-images columns-default is-cropped wp-block-gallery-1 is-layout-flex wp-block-gallery-is-layout-flex\">\n<figure class=\"wp-block-image size-large\"><img loading=\"lazy\" decoding=\"async\" width=\"1024\" height=\"768\" data-id=\"290\" src=\"https:\/\/energielignacelec.fr\/wp-content\/uploads\/2024\/07\/IMG_7459-4-1024x768.jpg\" alt=\"\" class=\"wp-image-290\" srcset=\"https:\/\/energielignacelec.fr\/wp-content\/uploads\/2024\/07\/IMG_7459-4-1024x768.jpg 1024w, https:\/\/energielignacelec.fr\/wp-content\/uploads\/2024\/07\/IMG_7459-4-300x225.jpg 300w, https:\/\/energielignacelec.fr\/wp-content\/uploads\/2024\/07\/IMG_7459-4-768x576.jpg 768w, https:\/\/energielignacelec.fr\/wp-content\/uploads\/2024\/07\/IMG_7459-4-1536x1152.jpg 1536w, https:\/\/energielignacelec.fr\/wp-content\/uploads\/2024\/07\/IMG_7459-4.jpg 2016w\" sizes=\"auto, (max-width: 1024px) 100vw, 1024px\" \/><\/figure>\n\n\n\n<figure class=\"wp-block-image size-large\"><img loading=\"lazy\" decoding=\"async\" width=\"768\" height=\"1024\" data-id=\"291\" src=\"https:\/\/energielignacelec.fr\/wp-content\/uploads\/2024\/07\/IMG_7450-3-768x1024.jpg\" alt=\"\" class=\"wp-image-291\" srcset=\"https:\/\/energielignacelec.fr\/wp-content\/uploads\/2024\/07\/IMG_7450-3-768x1024.jpg 768w, https:\/\/energielignacelec.fr\/wp-content\/uploads\/2024\/07\/IMG_7450-3-225x300.jpg 225w, https:\/\/energielignacelec.fr\/wp-content\/uploads\/2024\/07\/IMG_7450-3-1152x1536.jpg 1152w, https:\/\/energielignacelec.fr\/wp-content\/uploads\/2024\/07\/IMG_7450-3-rotated.jpg 1512w\" sizes=\"auto, (max-width: 768px) 100vw, 768px\" \/><\/figure>\n<\/figure>\n\n\n\n<div class=\"wp-block-group is-nowrap is-layout-flex wp-container-core-group-is-layout-6c531013 wp-block-group-is-layout-flex\">\n<figure class=\"wp-block-gallery has-nested-images columns-default is-cropped wp-block-gallery-2 is-layout-flex wp-block-gallery-is-layout-flex\">\n<figure class=\"wp-block-image size-large\"><img loading=\"lazy\" decoding=\"async\" width=\"1024\" height=\"768\" data-id=\"314\" src=\"https:\/\/energielignacelec.fr\/wp-content\/uploads\/2024\/07\/IMG_7704-1-1024x768.jpg\" alt=\"\" class=\"wp-image-314\" srcset=\"https:\/\/energielignacelec.fr\/wp-content\/uploads\/2024\/07\/IMG_7704-1-1024x768.jpg 1024w, https:\/\/energielignacelec.fr\/wp-content\/uploads\/2024\/07\/IMG_7704-1-300x225.jpg 300w, https:\/\/energielignacelec.fr\/wp-content\/uploads\/2024\/07\/IMG_7704-1-768x576.jpg 768w, https:\/\/energielignacelec.fr\/wp-content\/uploads\/2024\/07\/IMG_7704-1-1536x1152.jpg 1536w, https:\/\/energielignacelec.fr\/wp-content\/uploads\/2024\/07\/IMG_7704-1-2048x1536.jpg 2048w\" sizes=\"auto, (max-width: 1024px) 100vw, 1024px\" \/><\/figure>\n\n\n\n<figure class=\"wp-block-image size-large\"><img loading=\"lazy\" decoding=\"async\" width=\"1024\" height=\"768\" data-id=\"313\" src=\"https:\/\/energielignacelec.fr\/wp-content\/uploads\/2024\/07\/IMG_7705-1024x768.jpg\" alt=\"\" class=\"wp-image-313\" srcset=\"https:\/\/energielignacelec.fr\/wp-content\/uploads\/2024\/07\/IMG_7705-1024x768.jpg 1024w, https:\/\/energielignacelec.fr\/wp-content\/uploads\/2024\/07\/IMG_7705-300x225.jpg 300w, https:\/\/energielignacelec.fr\/wp-content\/uploads\/2024\/07\/IMG_7705-768x576.jpg 768w, https:\/\/energielignacelec.fr\/wp-content\/uploads\/2024\/07\/IMG_7705-1536x1152.jpg 1536w, https:\/\/energielignacelec.fr\/wp-content\/uploads\/2024\/07\/IMG_7705-2048x1536.jpg 2048w\" sizes=\"auto, (max-width: 1024px) 100vw, 1024px\" \/><\/figure>\n<\/figure>\n<\/div>\n\n\n\n<div class=\"wp-block-columns is-layout-flex wp-container-core-columns-is-layout-28f84493 wp-block-columns-is-layout-flex\">\n<div class=\"wp-block-column is-layout-flow wp-block-column-is-layout-flow\" style=\"flex-basis:100%\">\n<div class=\"wp-block-columns is-layout-flex wp-container-core-columns-is-layout-28f84493 wp-block-columns-is-layout-flex\">\n<div class=\"wp-block-column is-layout-flow wp-block-column-is-layout-flow\">\n<figure class=\"wp-block-image size-large\"><img loading=\"lazy\" decoding=\"async\" width=\"768\" height=\"1024\" src=\"https:\/\/energielignacelec.fr\/wp-content\/uploads\/2024\/07\/IMG_7454-2-768x1024.jpg\" alt=\"\" class=\"wp-image-278\" srcset=\"https:\/\/energielignacelec.fr\/wp-content\/uploads\/2024\/07\/IMG_7454-2-768x1024.jpg 768w, https:\/\/energielignacelec.fr\/wp-content\/uploads\/2024\/07\/IMG_7454-2-225x300.jpg 225w, https:\/\/energielignacelec.fr\/wp-content\/uploads\/2024\/07\/IMG_7454-2-1152x1536.jpg 1152w, https:\/\/energielignacelec.fr\/wp-content\/uploads\/2024\/07\/IMG_7454-2-rotated.jpg 1512w\" sizes=\"auto, (max-width: 768px) 100vw, 768px\" \/><\/figure>\n\n\n\n<figure class=\"wp-block-image size-large\"><img loading=\"lazy\" decoding=\"async\" width=\"1024\" height=\"768\" src=\"https:\/\/energielignacelec.fr\/wp-content\/uploads\/2025\/04\/IMG_20250422_170909-2-3-1024x768.jpg\" alt=\"\" class=\"wp-image-342\" srcset=\"https:\/\/energielignacelec.fr\/wp-content\/uploads\/2025\/04\/IMG_20250422_170909-2-3-1024x768.jpg 1024w, https:\/\/energielignacelec.fr\/wp-content\/uploads\/2025\/04\/IMG_20250422_170909-2-3-300x225.jpg 300w, https:\/\/energielignacelec.fr\/wp-content\/uploads\/2025\/04\/IMG_20250422_170909-2-3-768x576.jpg 768w, https:\/\/energielignacelec.fr\/wp-content\/uploads\/2025\/04\/IMG_20250422_170909-2-3-1536x1152.jpg 1536w, https:\/\/energielignacelec.fr\/wp-content\/uploads\/2025\/04\/IMG_20250422_170909-2-3-2048x1536.jpg 2048w\" sizes=\"auto, (max-width: 1024px) 100vw, 1024px\" \/><\/figure>\n<\/div>\n\n\n\n<div class=\"wp-block-column is-layout-flow wp-block-column-is-layout-flow\">\n<figure class=\"wp-block-image size-large\"><img loading=\"lazy\" decoding=\"async\" width=\"768\" height=\"1024\" src=\"https:\/\/energielignacelec.fr\/wp-content\/uploads\/2025\/04\/IMG_20250422_170909-1-768x1024.jpg\" alt=\"\" class=\"wp-image-328\" srcset=\"https:\/\/energielignacelec.fr\/wp-content\/uploads\/2025\/04\/IMG_20250422_170909-1-768x1024.jpg 768w, https:\/\/energielignacelec.fr\/wp-content\/uploads\/2025\/04\/IMG_20250422_170909-1-225x300.jpg 225w, https:\/\/energielignacelec.fr\/wp-content\/uploads\/2025\/04\/IMG_20250422_170909-1-1152x1536.jpg 1152w, https:\/\/energielignacelec.fr\/wp-content\/uploads\/2025\/04\/IMG_20250422_170909-1-1536x2048.jpg 1536w, https:\/\/energielignacelec.fr\/wp-content\/uploads\/2025\/04\/IMG_20250422_170909-1-scaled.jpg 1920w\" sizes=\"auto, (max-width: 768px) 100vw, 768px\" \/><\/figure>\n<\/div>\n<\/div>\n<\/div>\n<\/div>\n<\/div>\n\n\n\n<p class=\"has-text-color has-link-color wp-elements-9968a941fccd7a583ed258ea6a4052aa\" style=\"color:#e6918b;font-size:clamp(20.515px, 1.282rem + ((1vw - 3.2px) * 1.643), 33px);\">CE QUE NOUS FAISONS&nbsp;?<\/p>\n\n\n\n<ul class=\"wp-block-list\">\n<li>Nous r\u00e9alisons votre bilan solaire afin de d\u00e9finir l&rsquo;installation qui r\u00e9pondra \u00e0 vos besoins<\/li>\n\n\n\n<li>Nous vous accompagnons dans les d\u00e9marches administratives (financement, d\u00e9claration pr\u00e9alable de travaux, etc&#8230;)<\/li>\n\n\n\n<li>Installation de vos panneaux enti\u00e8rement assur\u00e9e et s\u00e9curis\u00e9e pour prot\u00e9ger votre logement et nos techniciens<\/li>\n\n\n\n<li>D\u00e8s notre d\u00e9part vous serez en mesure de suivre votre production et consommation \u00e9lectrique<\/li>\n<\/ul>\n\n\n\n<h3 class=\"wp-block-heading has-large-font-size\" style=\"font-style:normal;font-weight:300;line-height:1.4\"><br><br>Nous proposons un service d&rsquo;installation et d&rsquo;entretien de panneaux photovolta\u00efque, merci de nous contacter pour plus d&rsquo;information.<\/h3>\n<\/div>\n<\/div>\n<\/div>\n<\/div>\n\n\n\n<div class=\"wp-block-buttons is-content-justification-right is-layout-flex wp-container-core-buttons-is-layout-d445cf74 wp-block-buttons-is-layout-flex\">\n<div class=\"wp-block-button\"><a class=\"wp-block-button__link wp-element-button\" href=\"https:\/\/energielignacelec.fr\/index.php\/contact\/\">NOUS CONTACTEZ<\/a><\/div>\n<\/div>\n","protected":false},"excerpt":{"rendered":"<p>PHOTOVOLTA\u00cfQUE Avec vos panneaux photovolta\u00efque, produisez et consommez votre \u00e9nergie vous m\u00eame ! CE QUE NOUS FAISONS&nbsp;? Nous proposons un service d&rsquo;installation et d&rsquo;entretien de panneaux photovolta\u00efque, merci de nous contacter pour plus d&rsquo;information.<\/p>\n","protected":false},"author":1,"featured_media":0,"parent":0,"menu_order":0,"comment_status":"closed","ping_status":"closed","template":"","meta":{"footnotes":""},"class_list":["post-212","page","type-page","status-publish","hentry"],"_links":{"self":[{"href":"https:\/\/energielignacelec.fr\/index.php\/wp-json\/wp\/v2\/pages\/212","targetHints":{"allow":["GET"]}}],"collection":[{"href":"https:\/\/energielignacelec.fr\/index.php\/wp-json\/wp\/v2\/pages"}],"about":[{"href":"https:\/\/energielignacelec.fr\/index.php\/wp-json\/wp\/v2\/types\/page"}],"author":[{"embeddable":true,"href":"https:\/\/energielignacelec.fr\/index.php\/wp-json\/wp\/v2\/users\/1"}],"replies":[{"embeddable":true,"href":"https:\/\/energielignacelec.fr\/index.php\/wp-json\/wp\/v2\/comments?post=212"}],"version-history":[{"count":62,"href":"https:\/\/energielignacelec.fr\/index.php\/wp-json\/wp\/v2\/pages\/212\/revisions"}],"predecessor-version":[{"id":355,"href":"https:\/\/energielignacelec.fr\/index.php\/wp-json\/wp\/v2\/pages\/212\/revisions\/355"}],"wp:attachment":[{"href":"https:\/\/energielignacelec.fr\/index.php\/wp-json\/wp\/v2\/media?parent=212"}],"curies":[{"name":"wp","href":"https:\/\/api.w.org\/{rel}","templated":true}]}}