{"id":143,"date":"2024-02-27T11:32:50","date_gmt":"2024-02-27T10:32:50","guid":{"rendered":"https:\/\/regesmusicae.wordpress.com\/?page_id=143"},"modified":"2024-02-28T23:03:16","modified_gmt":"2024-02-28T22:03:16","slug":"electricite","status":"publish","type":"page","link":"https:\/\/energielignacelec.fr\/index.php\/electricite\/","title":{"rendered":"\u00c9LECTRICIT\u00c9"},"content":{"rendered":"\n<div class=\"wp-block-group alignfull is-layout-flow wp-block-group-is-layout-flow\">\n<div class=\"wp-block-columns alignwide are-vertically-aligned-bottom is-layout-flex wp-container-core-columns-is-layout-28f84493 wp-block-columns-is-layout-flex\">\n<div class=\"wp-block-column is-vertically-aligned-bottom is-layout-flow wp-block-column-is-layout-flow\" style=\"flex-basis:25%\"><\/div>\n\n\n\n<div class=\"wp-block-column is-vertically-aligned-bottom is-layout-flow wp-block-column-is-layout-flow\" style=\"flex-basis:42%\">\n<h3 class=\"wp-block-heading has-text-align-left\" style=\"font-size:clamp(16.293px, 1.018rem + ((1vw - 3.2px) * 1.146), 25px);line-height:1.2\">Neuf et R\u00e9novation<\/h3>\n\n\n\n<figure class=\"wp-block-image size-full\"><img decoding=\"async\" src=\"http:\/\/energielignacelec.fr\/wp-content\/uploads\/2024\/02\/img_20230309_172711.jpg\" alt=\"\" class=\"wp-image-148\"\/><\/figure>\n<\/div>\n\n\n\n<div class=\"wp-block-column is-vertically-aligned-bottom is-layout-flow wp-block-column-is-layout-flow\" style=\"flex-basis:33%\"><\/div>\n<\/div>\n\n\n\n<div class=\"wp-block-columns alignwide is-layout-flex wp-container-core-columns-is-layout-28f84493 wp-block-columns-is-layout-flex\">\n<div class=\"wp-block-column is-vertically-aligned-top is-layout-flow wp-block-column-is-layout-flow\" style=\"flex-basis:25%\"><\/div>\n\n\n\n<div class=\"wp-block-column is-vertically-aligned-top is-layout-flow wp-block-column-is-layout-flow\" style=\"flex-basis:50%\">\n<figure class=\"wp-block-image size-full is-resized\"><img decoding=\"async\" src=\"http:\/\/energielignacelec.fr\/wp-content\/uploads\/2024\/02\/img_20231013_122930.jpg\" alt=\"\" class=\"wp-image-149\" style=\"width:376px\"\/><\/figure>\n<\/div>\n<\/div>\n\n\n\n<p class=\"has-text-color\" style=\"color:#e6918b;font-size:clamp(20.515px, 1.282rem + ((1vw - 3.2px) * 1.643), 33px);px;line-height:1.2\">QUELLE EST VOTRE BESOIN&nbsp;? <\/p>\n\n\n\n<ul class=\"wp-block-list\">\n<li class=\"has-small-font-size\">Pose \u00e9quipement int\u00e9rieur : prises, interrupteur, luminaire, prise Rj45(Internet)<\/li>\n\n\n\n<li class=\"has-small-font-size\">Pose \u00e9quipement ext\u00e9rieur : d\u00e9tecteur de pr\u00e9sence, \u00e9clairage<\/li>\n\n\n\n<li class=\"has-small-font-size\">Pose Bornes de recharge<\/li>\n\n\n\n<li class=\"has-small-font-size\">Pose Radiateur<\/li>\n\n\n\n<li class=\"has-small-font-size\">R\u00e9novation<\/li>\n\n\n\n<li class=\"has-small-font-size\">Mise en conformit\u00e9<\/li>\n\n\n\n<li class=\"has-small-font-size\">D\u00e9pannage<\/li>\n\n\n\n<li class=\"has-small-font-size\">Viabilisation du r\u00e9seau<\/li>\n<\/ul>\n<\/div>\n\n\n\n<div class=\"wp-block-buttons is-layout-flex wp-block-buttons-is-layout-flex\">\n<div class=\"wp-block-button\"><a class=\"wp-block-button__link wp-element-button\" href=\"http:\/\/energielignacelec.fr\/index.php\/contact\/\">NOUS CONTACTEZ<\/a><\/div>\n<\/div>\n","protected":false},"excerpt":{"rendered":"<p>Neuf et R\u00e9novation QUELLE EST VOTRE BESOIN&nbsp;?<\/p>\n","protected":false},"author":1,"featured_media":0,"parent":0,"menu_order":0,"comment_status":"closed","ping_status":"closed","template":"","meta":{"footnotes":""},"class_list":["post-143","page","type-page","status-publish","hentry"],"_links":{"self":[{"href":"https:\/\/energielignacelec.fr\/index.php\/wp-json\/wp\/v2\/pages\/143","targetHints":{"allow":["GET"]}}],"collection":[{"href":"https:\/\/energielignacelec.fr\/index.php\/wp-json\/wp\/v2\/pages"}],"about":[{"href":"https:\/\/energielignacelec.fr\/index.php\/wp-json\/wp\/v2\/types\/page"}],"author":[{"embeddable":true,"href":"https:\/\/energielignacelec.fr\/index.php\/wp-json\/wp\/v2\/users\/1"}],"replies":[{"embeddable":true,"href":"https:\/\/energielignacelec.fr\/index.php\/wp-json\/wp\/v2\/comments?post=143"}],"version-history":[{"count":1,"href":"https:\/\/energielignacelec.fr\/index.php\/wp-json\/wp\/v2\/pages\/143\/revisions"}],"predecessor-version":[{"id":242,"href":"https:\/\/energielignacelec.fr\/index.php\/wp-json\/wp\/v2\/pages\/143\/revisions\/242"}],"wp:attachment":[{"href":"https:\/\/energielignacelec.fr\/index.php\/wp-json\/wp\/v2\/media?parent=143"}],"curies":[{"name":"wp","href":"https:\/\/api.w.org\/{rel}","templated":true}]}}